{"id":204,"date":"2025-08-12T08:47:44","date_gmt":"2025-08-12T08:47:44","guid":{"rendered":"http:\/\/kameraschwestern.at\/?page_id=204"},"modified":"2026-02-11T21:24:01","modified_gmt":"2026-02-11T21:24:01","slug":"ueber-uns","status":"publish","type":"page","link":"https:\/\/kameraschwestern.at\/en\/ueber-uns\/","title":{"rendered":"About"},"content":{"rendered":"<div data-elementor-type=\"wp-page\" data-elementor-id=\"204\" class=\"elementor elementor-204\" data-elementor-post-type=\"page\">\n\t\t\t\t<div class=\"elementor-element elementor-element-5cce6c2e e-flex e-con-boxed elementor-invisible e-con e-parent\" data-id=\"5cce6c2e\" data-element_type=\"container\" data-e-type=\"container\" data-settings=\"{&quot;animation&quot;:&quot;fadeInUp&quot;}\">\n\t\t\t\t\t<div class=\"e-con-inner\">\n\t\t\t\t<div class=\"elementor-element elementor-element-66dbe511 elementor-widget elementor-widget-heading\" data-id=\"66dbe511\" data-element_type=\"widget\" data-e-type=\"widget\" data-widget_type=\"heading.default\">\n\t\t\t\t\t<h2 class=\"elementor-heading-title elementor-size-default\">May we introduce ourselves<\/h2>\t\t\t\t<\/div>\n\t\t\t\t<div class=\"elementor-element elementor-element-46183185 elementor-widget elementor-widget-heading\" data-id=\"46183185\" data-element_type=\"widget\" data-e-type=\"widget\" data-widget_type=\"heading.default\">\n\t\t\t\t\t<h1 class=\"elementor-heading-title elementor-size-default\">Why Kameraschwestern<\/h1>\t\t\t\t<\/div>\n\t\t\t\t\t<\/div>\n\t\t\t\t<\/div>\n\t\t<div class=\"elementor-element elementor-element-93c6aa9 e-flex e-con-boxed elementor-invisible e-con e-parent\" data-id=\"93c6aa9\" data-element_type=\"container\" data-e-type=\"container\" data-settings=\"{&quot;animation&quot;:&quot;fadeInUp&quot;}\">\n\t\t\t\t\t<div class=\"e-con-inner\">\n\t\t<div class=\"elementor-element elementor-element-6364d22 e-con-full e-flex e-con e-child\" data-id=\"6364d22\" data-element_type=\"container\" data-e-type=\"container\">\n\t\t\t\t<div class=\"elementor-element elementor-element-7a3dd49 elementor-widget elementor-widget-text-editor\" data-id=\"7a3dd49\" data-element_type=\"widget\" data-e-type=\"widget\" data-widget_type=\"text-editor.default\">\n\t\t\t\t\t\t\t\t\t<p>Kameraschwestern are like-minded people dedicated to providing a platform for information, exchange, and solidarity among camera assistants, working full-time in the scenic field of the Austrian film industry. This applies particularly to matters such as fees, collective agreement (Kollektivvertrag), and technical and professional development. The association does not represent DoPs.<\/p><p>We organize and communicate through various channels, such as Slack. The search function on the <a href=\"https:\/\/kameraschwestern.at\/en\/mitglieder\/\" target=\"_blank\" rel=\"noopener\">Members<\/a> page allows you to find all members by function and\/or name - formerly known as the \u201cAssi-Liste\u201d.<\/p><p>As a professional association, it is our aim to represent our members optimally by being present in the Austrian film community, networking with other professional associations, always keeping an ear to the ground with the Younionfilm (trade union) and keeping an eye on all legal and labor law changes in Austria.<\/p>\t\t\t\t\t\t\t\t<\/div>\n\t\t\t\t<\/div>\n\t\t<div class=\"elementor-element elementor-element-193cd9d e-con-full e-flex e-con e-child\" data-id=\"193cd9d\" data-element_type=\"container\" data-e-type=\"container\">\n\t\t\t\t<div class=\"elementor-element elementor-element-eda2956 elementor-icon-list--layout-traditional elementor-list-item-link-full_width elementor-widget elementor-widget-icon-list\" data-id=\"eda2956\" data-element_type=\"widget\" data-e-type=\"widget\" data-widget_type=\"icon-list.default\">\n\t\t\t\t\t\t\t<ul class=\"elementor-icon-list-items\">\n\t\t\t\t\t\t\t<li class=\"elementor-icon-list-item\">\n\t\t\t\t\t\t\t\t\t\t<span class=\"elementor-icon-list-text\">Plattform f\u00fcr Information, Austausch &amp; Zusammenhalt<\/span>\n\t\t\t\t\t\t\t\t\t<\/li>\n\t\t\t\t\t\t\t\t<li class=\"elementor-icon-list-item\">\n\t\t\t\t\t\t\t\t\t\t<span class=\"elementor-icon-list-text\">technische &amp; berufliche Weiterentwicklung<\/span>\n\t\t\t\t\t\t\t\t\t<\/li>\n\t\t\t\t\t\t\t\t<li class=\"elementor-icon-list-item\">\n\t\t\t\t\t\t\t\t\t\t<span class=\"elementor-icon-list-text\">Fees<\/span>\n\t\t\t\t\t\t\t\t\t<\/li>\n\t\t\t\t\t\t\t\t<li class=\"elementor-icon-list-item\">\n\t\t\t\t\t\t\t\t\t\t<span class=\"elementor-icon-list-text\">Networking<\/span>\n\t\t\t\t\t\t\t\t\t<\/li>\n\t\t\t\t\t\t<\/ul>\n\t\t\t\t\t\t<\/div>\n\t\t\t\t<\/div>\n\t\t\t\t\t<\/div>\n\t\t\t\t<\/div>\n\t\t<div class=\"elementor-element elementor-element-37e0336e e-flex e-con-boxed elementor-invisible e-con e-parent\" data-id=\"37e0336e\" data-element_type=\"container\" data-e-type=\"container\" data-settings=\"{&quot;animation&quot;:&quot;fadeInUp&quot;}\">\n\t\t\t\t\t<div class=\"e-con-inner\">\n\t\t<div class=\"elementor-element elementor-element-5b6245a6 e-con-full e-flex e-con e-child\" data-id=\"5b6245a6\" data-element_type=\"container\" data-e-type=\"container\">\n\t\t\t\t<div class=\"elementor-element elementor-element-4cf42afb elementor-widget-divider--view-line elementor-widget elementor-widget-divider\" data-id=\"4cf42afb\" data-element_type=\"widget\" data-e-type=\"widget\" data-widget_type=\"divider.default\">\n\t\t\t\t\t\t\t<div class=\"elementor-divider\">\n\t\t\t<span class=\"elementor-divider-separator\">\n\t\t\t\t\t\t<\/span>\n\t\t<\/div>\n\t\t\t\t\t\t<\/div>\n\t\t\t\t<div class=\"elementor-element elementor-element-ed5a784 elementor-widget elementor-widget-heading\" data-id=\"ed5a784\" data-element_type=\"widget\" data-e-type=\"widget\" data-widget_type=\"heading.default\">\n\t\t\t\t\t<h2 class=\"elementor-heading-title elementor-size-default\">representing the crowd<\/h2>\t\t\t\t<\/div>\n\t\t\t\t<\/div>\n\t\t\t\t\t<\/div>\n\t\t\t\t<\/div>\n\t\t<div class=\"elementor-element elementor-element-a6ecbb9 e-flex e-con-boxed elementor-invisible e-con e-parent\" data-id=\"a6ecbb9\" data-element_type=\"container\" data-e-type=\"container\" data-settings=\"{&quot;animation&quot;:&quot;fadeInUp&quot;}\">\n\t\t\t\t\t<div class=\"e-con-inner\">\n\t\t\t\t<div class=\"elementor-element elementor-element-ba57f03 elementor-widget elementor-widget-heading\" data-id=\"ba57f03\" data-element_type=\"widget\" data-e-type=\"widget\" data-widget_type=\"heading.default\">\n\t\t\t\t\t<h2 class=\"elementor-heading-title elementor-size-default\">Board<\/h2>\t\t\t\t<\/div>\n\t\t\t\t<div class=\"elementor-element elementor-element-ae9d918 elementor-widget elementor-widget-heading\" data-id=\"ae9d918\" data-element_type=\"widget\" data-e-type=\"widget\" data-widget_type=\"heading.default\">\n\t\t\t\t\t<h2 class=\"elementor-heading-title elementor-size-default\"><p style=\"margin-block-end: 0px;font-family: Roboto, sans-serif;text-transform: none\">Bebe Obkircher | Chair Woman<\/p><p style=\"margin-block-end: 0px;font-family: Roboto, sans-serif;text-transform: none\">Jennifer Oladeinde | Deputy Chairwoman<\/p><p style=\"margin-block-end: 0px\"><span style=\"font-family: Roboto, sans-serif;text-transform: none\">Roland Holzer | Deputy Chairwoman<\/span><\/p><p style=\"margin-block-end: 0px;font-family: Roboto, sans-serif;text-transform: none\">Gudrun Hildebrand | Kassierin<\/p><p style=\"margin-block-end: 0px;font-family: Roboto, sans-serif;text-transform: none\">Felix Pacher | Deputy Treasurer<\/p><p style=\"margin-block-end: 0px;font-family: Roboto, sans-serif;text-transform: none\">Christian Saure | Secretary<\/p><p style=\"margin-block-end: 0px;font-family: Roboto, sans-serif;text-transform: none\">Anetta Klein<\/p><p style=\"margin-block-end: 0px;font-family: Roboto, sans-serif;text-transform: none\">Hans-Peter (aka HP) Krenn<\/p><p style=\"margin-block-end: 0px;font-family: Roboto, sans-serif;text-transform: none\">Camillo Foramitti<span style=\"font-family: Oswald, sans-serif;text-transform: uppercase\"><\/span><\/p><\/h2>\t\t\t\t<\/div>\n\t\t\t\t\t<\/div>\n\t\t\t\t<\/div>\n\t\t<div class=\"elementor-element elementor-element-8549ce2 e-flex e-con-boxed elementor-invisible e-con e-parent\" data-id=\"8549ce2\" data-element_type=\"container\" data-e-type=\"container\" data-settings=\"{&quot;animation&quot;:&quot;fadeInUp&quot;}\">\n\t\t\t\t\t<div class=\"e-con-inner\">\n\t\t<div class=\"elementor-element elementor-element-3e28115e e-con-full e-flex e-con e-child\" data-id=\"3e28115e\" data-element_type=\"container\" data-e-type=\"container\">\n\t\t\t\t<div class=\"elementor-element elementor-element-129c49ed elementor-widget-divider--view-line elementor-widget elementor-widget-divider\" data-id=\"129c49ed\" data-element_type=\"widget\" data-e-type=\"widget\" data-widget_type=\"divider.default\">\n\t\t\t\t\t\t\t<div class=\"elementor-divider\">\n\t\t\t<span class=\"elementor-divider-separator\">\n\t\t\t\t\t\t<\/span>\n\t\t<\/div>\n\t\t\t\t\t\t<\/div>\n\t\t\t\t<\/div>\n\t\t\t\t\t<\/div>\n\t\t\t\t<\/div>\n\t\t<div class=\"elementor-element elementor-element-85fcaa8 e-flex e-con-boxed elementor-invisible e-con e-parent\" data-id=\"85fcaa8\" data-element_type=\"container\" data-e-type=\"container\" data-settings=\"{&quot;animation&quot;:&quot;fadeInUp&quot;}\">\n\t\t\t\t\t<div class=\"e-con-inner\">\n\t\t\t\t<div class=\"elementor-element elementor-element-d0307d3 elementor-widget elementor-widget-heading\" data-id=\"d0307d3\" data-element_type=\"widget\" data-e-type=\"widget\" data-widget_type=\"heading.default\">\n\t\t\t\t\t<h2 class=\"elementor-heading-title elementor-size-default\">Code of Ethics<\/h2>\t\t\t\t<\/div>\n\t\t\t\t\t<\/div>\n\t\t\t\t<\/div>\n\t\t<div class=\"elementor-element elementor-element-7256044 e-flex e-con-boxed elementor-invisible e-con e-parent\" data-id=\"7256044\" data-element_type=\"container\" data-e-type=\"container\" data-settings=\"{&quot;animation&quot;:&quot;fadeInUp&quot;}\">\n\t\t\t\t\t<div class=\"e-con-inner\">\n\t\t\t\t<div class=\"elementor-element elementor-element-6bfe9c4f elementor-widget__width-initial elementor-widget-laptop__width-initial elementor-widget elementor-widget-text-editor\" data-id=\"6bfe9c4f\" data-element_type=\"widget\" data-e-type=\"widget\" data-widget_type=\"text-editor.default\">\n\t\t\t\t\t\t\t\t\t<p>Kameraschwestern resolutely oppose discrimination, harassment, and bullying \u2013 both by and against our members.<\/p><p>We demand clear ethical and social standards for the film industry and stand for respectful, appreciative treatment without exclusion.<\/p><p>A trusting working environment is a matter of course for us \u2013 free from discrimination and harassment of any kind, whether based on gender identity, sexual orientation, origin, religion, age, disability, or social status. We also condemn bullying as well as verbal, physical, sexual, or digital harassment.<\/p><p>We do not tolerate discriminatory language, personal insults, or the dissemination of inappropriate content.<\/p>\t\t\t\t\t\t\t\t<\/div>\n\t\t\t\t\t<\/div>\n\t\t\t\t<\/div>\n\t\t<div class=\"elementor-element elementor-element-3b9ab198 e-flex e-con-boxed elementor-invisible e-con e-parent\" data-id=\"3b9ab198\" data-element_type=\"container\" data-e-type=\"container\" data-settings=\"{&quot;animation&quot;:&quot;fadeInUp&quot;}\">\n\t\t\t\t\t<div class=\"e-con-inner\">\n\t\t<div class=\"elementor-element elementor-element-217d2a3b e-con-full e-flex e-con e-child\" data-id=\"217d2a3b\" data-element_type=\"container\" data-e-type=\"container\">\n\t\t\t\t<div class=\"elementor-element elementor-element-a96a267 elementor-widget-divider--view-line elementor-widget elementor-widget-divider\" data-id=\"a96a267\" data-element_type=\"widget\" data-e-type=\"widget\" data-widget_type=\"divider.default\">\n\t\t\t\t\t\t\t<div class=\"elementor-divider\">\n\t\t\t<span class=\"elementor-divider-separator\">\n\t\t\t\t\t\t<\/span>\n\t\t<\/div>\n\t\t\t\t\t\t<\/div>\n\t\t\t\t<\/div>\n\t\t\t\t\t<\/div>\n\t\t\t\t<\/div>\n\t\t<div class=\"elementor-element elementor-element-e1518f2 e-flex e-con-boxed elementor-invisible e-con e-parent\" data-id=\"e1518f2\" data-element_type=\"container\" data-e-type=\"container\" data-settings=\"{&quot;animation&quot;:&quot;fadeInUp&quot;}\">\n\t\t\t\t\t<div class=\"e-con-inner\">\n\t\t\t\t<div class=\"elementor-element elementor-element-a824478 elementor-widget elementor-widget-heading\" data-id=\"a824478\" data-element_type=\"widget\" data-e-type=\"widget\" data-widget_type=\"heading.default\">\n\t\t\t\t\t<h2 class=\"elementor-heading-title elementor-size-default\">Once Upon A Time<\/h2>\t\t\t\t<\/div>\n\t\t\t\t<div class=\"elementor-element elementor-element-c06daa4 elementor-widget__width-initial elementor-widget elementor-widget-text-editor\" data-id=\"c06daa4\" data-element_type=\"widget\" data-e-type=\"widget\" data-widget_type=\"text-editor.default\">\n\t\t\t\t\t\t\t\t\t<p>Everything has a beginning, we too can look back on a past:<\/p>\t\t\t\t\t\t\t\t<\/div>\n\t\t\t\t<div class=\"elementor-element elementor-element-935ad69 elementor-widget__width-initial elementor-widget elementor-widget-ucaddon_timeline_bullets\" data-id=\"935ad69\" data-element_type=\"widget\" data-e-type=\"widget\" data-widget_type=\"ucaddon_timeline_bullets.default\">\n\t\t\t\t<div class=\"elementor-widget-container\">\n\t\t\t\t\t\n<!-- start Timeline Bullets -->\n\t\t<link id='font-awesome-css' href='https:\/\/kameraschwestern.at\/wp-content\/plugins\/unlimited-elements-for-elementor-premium\/assets_libraries\/font-awesome6\/fontawesome-all.min.css' type='text\/css' rel='stylesheet' >\n\t\t<link id='font-awesome-4-shim-css' href='https:\/\/kameraschwestern.at\/wp-content\/plugins\/unlimited-elements-for-elementor-premium\/assets_libraries\/font-awesome6\/fontawesome-v4-shims.min.css' type='text\/css' rel='stylesheet' >\n\n<style>\/* widget: Timeline Bullets *\/\n\n\n\n#uc_timeline_bullets_elementor_935ad69 .ue_item{\n  display:flex;\n  position:relative;\n}\n\n#uc_timeline_bullets_elementor_935ad69 .ue_item_icon{ \n  display:flex;\n  align-items:center;\n  justify-content:center;\n  flex-grow:0;\n  flex-shrink:0;\n  line-height:1em;\n  overflow:hidden;\n}\n\n#uc_timeline_bullets_elementor_935ad69 .ue_item_icon img{\n  object-fit: cover;\n}\n\n#uc_timeline_bullets_elementor_935ad69 .ue_item_icon svg{ \n  height:1em;\n  width:1em;\n}\n\n#uc_timeline_bullets_elementor_935ad69 .ue_item_spacer{\n  flex-grow:0;\n  flex-shrink:0;\n}\n\n#uc_timeline_bullets_elementor_935ad69 .ue_item_hr_line{\n  flex-grow:0;\n  flex-shrink:0;\n}\n\n#uc_timeline_bullets_elementor_935ad69 .ue_item_vr_line{\n  height:100%;\n  position:absolute;\n  flex-grow:0;\n  flex-shrink:0;\n}\n\n#uc_timeline_bullets_elementor_935ad69 .ue_item_title, \n#uc_timeline_bullets_elementor_935ad69 .ue_item_text,\n#uc_timeline_bullets_elementor_935ad69 .ue_item_icon{\n  transition: all .3s ease-out;\n}\n\n.ue_item_title{\n  font-size:21px;\n}\n\n#uc_timeline_bullets_elementor_935ad69.uc-remote-parent .ue_item{\n  cursor:pointer;\n}\n\n<\/style>\n\n<div id=\"uc_timeline_bullets_elementor_935ad69\" class=\"uc-items-wrapper\"  >\n <div class=\"ue_item elementor-repeater-item-5d9b325\">\n    <div class=\"ue_item_vr_line\"><\/div>\n    <div class=\"ue_item_hr_line\"><\/div>\n    <div class=\"ue_item_icon\">\n            2024           <\/div>\n    <div class=\"ue_item_spacer\"><\/div>\n    <div class=\"ue_item_content\">\n            <div class=\"ue_item_text\">Before the annual \u201cCamera Assistants Christmas Party\u201d at Cafe Jenseits,Kameraschwestern decide to found a professional association.\n<\/div>    <\/div>\n  <\/div>\n<div class=\"ue_item elementor-repeater-item-161976e\">\n    <div class=\"ue_item_vr_line\"><\/div>\n    <div class=\"ue_item_hr_line\"><\/div>\n    <div class=\"ue_item_icon\">\n            2022           <\/div>\n    <div class=\"ue_item_spacer\"><\/div>\n    <div class=\"ue_item_content\">\n            <div class=\"ue_item_text\">Kameraschwestern White Paper is created; furthermore, analogous to the \"Commercial Film Document\u201d, a \"Feature Film Document\" is also drafted and circulated, which sets out the framework for camera assistants in feature films and series.<\/div>    <\/div>\n  <\/div>\n<div class=\"ue_item elementor-repeater-item-049f544\">\n    <div class=\"ue_item_vr_line\"><\/div>\n    <div class=\"ue_item_hr_line\"><\/div>\n    <div class=\"ue_item_icon\">\n            2019           <\/div>\n    <div class=\"ue_item_spacer\"><\/div>\n    <div class=\"ue_item_content\">\n            <div class=\"ue_item_text\">Bebe Obkircher is taking over responsibility for the care of Kameraschwestern and the annual update of the assistant list.<\/div>    <\/div>\n  <\/div>\n<div class=\"ue_item elementor-repeater-item-774990c\">\n    <div class=\"ue_item_vr_line\"><\/div>\n    <div class=\"ue_item_hr_line\"><\/div>\n    <div class=\"ue_item_icon\">\n            2013           <\/div>\n    <div class=\"ue_item_spacer\"><\/div>\n    <div class=\"ue_item_content\">\n            <div class=\"ue_item_text\">Gerhard Leitner writes the first \"Commercial Film Document,\u201d which specifies the framework conditions exclusively for the shooting of commercials\u2014particularly with regard to the needs of camera assistants.<\/div>    <\/div>\n  <\/div>\n<div class=\"ue_item elementor-repeater-item-f6ec9d0\">\n    <div class=\"ue_item_vr_line\"><\/div>\n    <div class=\"ue_item_hr_line\"><\/div>\n    <div class=\"ue_item_icon\">\n            2005           <\/div>\n    <div class=\"ue_item_spacer\"><\/div>\n    <div class=\"ue_item_content\">\n            <div class=\"ue_item_text\">Thea Adlung joins the team and, together with Anna and Camillo, manages the assistant list; the name \u201cKameraschwestern\u201d is established.<\/div>    <\/div>\n  <\/div>\n<div class=\"ue_item elementor-repeater-item-ffe2307\">\n    <div class=\"ue_item_vr_line\"><\/div>\n    <div class=\"ue_item_hr_line\"><\/div>\n    <div class=\"ue_item_icon\">\n            2004           <\/div>\n    <div class=\"ue_item_spacer\"><\/div>\n    <div class=\"ue_item_content\">\n            <div class=\"ue_item_text\">In the following years, the name of the list changes to \u201cAssi-List\u201d after Martin Schmachtel hands over the tasks to Anna Manhardt and Camillo Foramitti.<\/div>    <\/div>\n  <\/div>\n<div class=\"ue_item elementor-repeater-item-16f8310\">\n    <div class=\"ue_item_vr_line\"><\/div>\n    <div class=\"ue_item_hr_line\"><\/div>\n    <div class=\"ue_item_icon\">\n            2003           <\/div>\n    <div class=\"ue_item_spacer\"><\/div>\n    <div class=\"ue_item_content\">\n            <div class=\"ue_item_text\">Because everyone was doing that at the time, the first attempt at a Kameraschwestern website was made. Unfortunately, this site didn't catch on in the following years, and the project fell into a deep sleep.<\/div>    <\/div>\n  <\/div>\n<div class=\"ue_item elementor-repeater-item-d7b809f\">\n    <div class=\"ue_item_vr_line\"><\/div>\n    <div class=\"ue_item_hr_line\"><\/div>\n    <div class=\"ue_item_icon\">\n            2002           <\/div>\n    <div class=\"ue_item_spacer\"><\/div>\n    <div class=\"ue_item_content\">\n            <div class=\"ue_item_text\">The Christmas gatherings lead to the first list of camera assistants. Martin Schmachtel creates a list called \"Everyone Behind the Camera,\" maintains it, and circulates it among production companies.<\/div>    <\/div>\n  <\/div>\n<div class=\"ue_item elementor-repeater-item-ba3babd\">\n    <div class=\"ue_item_vr_line\"><\/div>\n    <div class=\"ue_item_hr_line\"><\/div>\n    <div class=\"ue_item_icon\">\n            Early 2000           <\/div>\n    <div class=\"ue_item_spacer\"><\/div>\n    <div class=\"ue_item_content\">\n            <div class=\"ue_item_text\">The colleagues call themselves the \"Sisters of the Camera\"; Andreas \"Leo\" Wallner and Gerald Piesch create explanatory videos\u2014for example, how to (or not) load film into a film magazine\u2014in their free time. Regular meetings usually take place at the end of the year, and the \"Sisters of the Camera\" Christmas circle becomes established.<\/div>    <\/div>\n  <\/div>\n<div class=\"ue_item elementor-repeater-item-e317ff2\">\n    <div class=\"ue_item_vr_line\"><\/div>\n    <div class=\"ue_item_hr_line\"><\/div>\n    <div class=\"ue_item_icon\">\n            End of 1990           <\/div>\n    <div class=\"ue_item_spacer\"><\/div>\n    <div class=\"ue_item_content\">\n            <div class=\"ue_item_text\">The predominantly male colleagues in the camera assistant department began to organize themselves after filmmaking in Austria experienced a boom in the mid-1990s and the demand for qualified personnel was high. They decided to meet regularly, exchange ideas, and build a community.<\/div>    <\/div>\n  <\/div>\n\n<\/div>\n\n<!-- -->\n<!-- end Timeline Bullets -->\t\t\t\t<\/div>\n\t\t\t\t<\/div>\n\t\t\t\t\t<\/div>\n\t\t\t\t<\/div>\n\t\t<div class=\"elementor-element elementor-element-7cae530 e-con-full e-flex e-con e-parent\" data-id=\"7cae530\" data-element_type=\"container\" data-e-type=\"container\">\n\t\t\t\t<\/div>\n\t\t<div class=\"elementor-element elementor-element-b7d1c75 e-flex e-con-boxed e-con e-parent\" data-id=\"b7d1c75\" data-element_type=\"container\" data-e-type=\"container\">\n\t\t\t\t\t<div class=\"e-con-inner\">\n\t\t\t\t\t<\/div>\n\t\t\t\t<\/div>\n\t\t\t\t<\/div>","protected":false},"excerpt":{"rendered":"<p>wir stellen uns vor Warum Kamera&shy;schwestern Die Kameraschwestern sind Gleichgesinnte, die es sich zur Aufgabe gemacht haben, eine Plattform zu bieten f\u00fcr Information, Austausch und Zusammenhalt von Kameraassistent*innen, die im szenischen Bereich in der \u00f6sterreichischen Filmbranche hauptberuflich t\u00e4tig sind. Insbesondere in Angelegenheiten wie Gagen, Kollektivvertrag sowie technische und berufliche Weiterentwicklung. Der Verband vertritt keine DoP. [&hellip;]<\/p>\n","protected":false},"author":1,"featured_media":0,"parent":0,"menu_order":0,"comment_status":"closed","ping_status":"closed","template":"","meta":{"_acf_changed":false,"footnotes":""},"class_list":["post-204","page","type-page","status-publish","hentry"],"acf":[],"_links":{"self":[{"href":"https:\/\/kameraschwestern.at\/en\/wp-json\/wp\/v2\/pages\/204","targetHints":{"allow":["GET"]}}],"collection":[{"href":"https:\/\/kameraschwestern.at\/en\/wp-json\/wp\/v2\/pages"}],"about":[{"href":"https:\/\/kameraschwestern.at\/en\/wp-json\/wp\/v2\/types\/page"}],"author":[{"embeddable":true,"href":"https:\/\/kameraschwestern.at\/en\/wp-json\/wp\/v2\/users\/1"}],"replies":[{"embeddable":true,"href":"https:\/\/kameraschwestern.at\/en\/wp-json\/wp\/v2\/comments?post=204"}],"version-history":[{"count":238,"href":"https:\/\/kameraschwestern.at\/en\/wp-json\/wp\/v2\/pages\/204\/revisions"}],"predecessor-version":[{"id":2919,"href":"https:\/\/kameraschwestern.at\/en\/wp-json\/wp\/v2\/pages\/204\/revisions\/2919"}],"wp:attachment":[{"href":"https:\/\/kameraschwestern.at\/en\/wp-json\/wp\/v2\/media?parent=204"}],"curies":[{"name":"wp","href":"https:\/\/api.w.org\/{rel}","templated":true}]}}