{"id":290,"date":"2025-08-12T12:14:31","date_gmt":"2025-08-12T12:14:31","guid":{"rendered":"http:\/\/kameraschwestern.at\/?page_id=290"},"modified":"2025-11-17T12:17:09","modified_gmt":"2025-11-17T12:17:09","slug":"datenschutz","status":"publish","type":"page","link":"https:\/\/kameraschwestern.at\/en\/datenschutz\/","title":{"rendered":"Data Privacy"},"content":{"rendered":"<div data-elementor-type=\"wp-page\" data-elementor-id=\"290\" class=\"elementor elementor-290\" data-elementor-post-type=\"page\">\n\t\t\t\t<div class=\"elementor-element elementor-element-11ad6ee e-flex e-con-boxed elementor-invisible e-con e-parent\" data-id=\"11ad6ee\" data-element_type=\"container\" data-e-type=\"container\" data-settings=\"{&quot;animation&quot;:&quot;fadeInUp&quot;}\">\n\t\t\t\t\t<div class=\"e-con-inner\">\n\t\t\t\t<div class=\"elementor-element elementor-element-4d4548f6 elementor-widget elementor-widget-heading\" data-id=\"4d4548f6\" data-element_type=\"widget\" data-e-type=\"widget\" data-widget_type=\"heading.default\">\n\t\t\t\t\t<div class=\"elementor-heading-title elementor-size-default\">Data Privacy<\/div>\t\t\t\t<\/div>\n\t\t\t\t<div class=\"elementor-element elementor-element-721a860d elementor-widget elementor-widget-heading\" data-id=\"721a860d\" data-element_type=\"widget\" data-e-type=\"widget\" data-widget_type=\"heading.default\">\n\t\t\t\t\t<h1 class=\"elementor-heading-title elementor-size-default\">Privacy policy<\/h1>\t\t\t\t<\/div>\n\t\t\t\t\t<\/div>\n\t\t\t\t<\/div>\n\t\t<div class=\"elementor-element elementor-element-f3ca34e e-flex e-con-boxed elementor-invisible e-con e-parent\" data-id=\"f3ca34e\" data-element_type=\"container\" data-e-type=\"container\" data-settings=\"{&quot;animation&quot;:&quot;fadeInUp&quot;}\">\n\t\t\t\t\t<div class=\"e-con-inner\">\n\t\t\t\t<div class=\"elementor-element elementor-element-19148e6b elementor-widget elementor-widget-text-editor\" data-id=\"19148e6b\" data-element_type=\"widget\" data-e-type=\"widget\" data-widget_type=\"text-editor.default\">\n\t\t\t\t\t\t\t\t\t<p>We process personal data exclusively in accordance with legal regulations (GDPR, Telecommunications Act 2003). This privacy policy provides information about the most important aspects of data processing on our website.<\/p>\t\t\t\t\t\t\t\t<\/div>\n\t\t\t\t\t<\/div>\n\t\t\t\t<\/div>\n\t\t<div class=\"elementor-element elementor-element-7a8685c6 e-flex e-con-boxed elementor-invisible e-con e-parent\" data-id=\"7a8685c6\" data-element_type=\"container\" data-e-type=\"container\" data-settings=\"{&quot;animation&quot;:&quot;fadeInUp&quot;}\">\n\t\t\t\t\t<div class=\"e-con-inner\">\n\t\t\t\t<div class=\"elementor-element elementor-element-2eba0c86 elementor-widget elementor-widget-heading\" data-id=\"2eba0c86\" data-element_type=\"widget\" data-e-type=\"widget\" data-widget_type=\"heading.default\">\n\t\t\t\t\t<div class=\"elementor-heading-title elementor-size-default\">Kontakt&shy;formular<\/div>\t\t\t\t<\/div>\n\t\t\t\t\t<\/div>\n\t\t\t\t<\/div>\n\t\t<div class=\"elementor-element elementor-element-57f149fa e-flex e-con-boxed elementor-invisible e-con e-parent\" data-id=\"57f149fa\" data-element_type=\"container\" data-e-type=\"container\" data-settings=\"{&quot;animation&quot;:&quot;fadeInUp&quot;}\">\n\t\t\t\t\t<div class=\"e-con-inner\">\n\t\t\t\t<div class=\"elementor-element elementor-element-1238d511 elementor-widget elementor-widget-text-editor\" data-id=\"1238d511\" data-element_type=\"widget\" data-e-type=\"widget\" data-widget_type=\"text-editor.default\">\n\t\t\t\t\t\t\t\t\t<p>If you contact us via the form on the website or by email, the data you provide will be stored by us for the purpose of processing your request and in case of follow-up questions. This data will not be shared without your consent.<\/p>\t\t\t\t\t\t\t\t<\/div>\n\t\t\t\t\t<\/div>\n\t\t\t\t<\/div>\n\t\t<div class=\"elementor-element elementor-element-73d2999b e-flex e-con-boxed elementor-invisible e-con e-parent\" data-id=\"73d2999b\" data-element_type=\"container\" data-e-type=\"container\" data-settings=\"{&quot;animation&quot;:&quot;fadeInUp&quot;}\">\n\t\t\t\t\t<div class=\"e-con-inner\">\n\t\t\t\t<div class=\"elementor-element elementor-element-2399603d elementor-widget elementor-widget-heading\" data-id=\"2399603d\" data-element_type=\"widget\" data-e-type=\"widget\" data-widget_type=\"heading.default\">\n\t\t\t\t\t<div class=\"elementor-heading-title elementor-size-default\">Access data<\/div>\t\t\t\t<\/div>\n\t\t\t\t\t<\/div>\n\t\t\t\t<\/div>\n\t\t<div class=\"elementor-element elementor-element-2c2704ae e-flex e-con-boxed elementor-invisible e-con e-parent\" data-id=\"2c2704ae\" data-element_type=\"container\" data-e-type=\"container\" data-settings=\"{&quot;animation&quot;:&quot;fadeInUp&quot;}\">\n\t\t\t\t\t<div class=\"e-con-inner\">\n\t\t\t\t<div class=\"elementor-element elementor-element-36ef162e elementor-widget elementor-widget-text-editor\" data-id=\"36ef162e\" data-element_type=\"widget\" data-e-type=\"widget\" data-widget_type=\"text-editor.default\">\n\t\t\t\t\t\t\t\t\t<p>The website operator or site provider collects data about access to the site and stores it as \"server log files.\" The following data is logged:<\/p><p>\u2013 Website visited<br \/>\u2013 Time of access<br \/>\u2013 Amount of data sent in bytes<br \/>\u2013 Source\/reference from which the page was accessed<br \/>\u2013 Browser used<br \/>\u2013 Operating system used<br \/>\u2013 IP address used<\/p><p>The data collected is used solely for statistical analysis and to improve the website. However, the website operator reserves the right to subsequently review the server log files should there be concrete evidence of illegal use.\u00a0\u00a0<\/p>\t\t\t\t\t\t\t\t<\/div>\n\t\t\t\t\t<\/div>\n\t\t\t\t<\/div>\n\t\t<div class=\"elementor-element elementor-element-1b1e412f e-flex e-con-boxed elementor-invisible e-con e-parent\" data-id=\"1b1e412f\" data-element_type=\"container\" data-e-type=\"container\" data-settings=\"{&quot;animation&quot;:&quot;fadeInUp&quot;}\">\n\t\t\t\t\t<div class=\"e-con-inner\">\n\t\t\t\t<div class=\"elementor-element elementor-element-3784170e elementor-widget elementor-widget-heading\" data-id=\"3784170e\" data-element_type=\"widget\" data-e-type=\"widget\" data-widget_type=\"heading.default\">\n\t\t\t\t\t<div class=\"elementor-heading-title elementor-size-default\">Rights<\/div>\t\t\t\t<\/div>\n\t\t\t\t\t<\/div>\n\t\t\t\t<\/div>\n\t\t<div class=\"elementor-element elementor-element-35556a70 e-flex e-con-boxed elementor-invisible e-con e-parent\" data-id=\"35556a70\" data-element_type=\"container\" data-e-type=\"container\" data-settings=\"{&quot;animation&quot;:&quot;fadeInUp&quot;}\">\n\t\t\t\t\t<div class=\"e-con-inner\">\n\t\t\t\t<div class=\"elementor-element elementor-element-a0c76c elementor-widget elementor-widget-text-editor\" data-id=\"a0c76c\" data-element_type=\"widget\" data-e-type=\"widget\" data-widget_type=\"text-editor.default\">\n\t\t\t\t\t\t\t\t\t<p>You have the right to information, rectification, erasure, restriction, data portability, revocation, and objection. If you believe that the processing of your personal data violates data protection law or that your data protection rights have been violated in any other way, you have the right to lodge a complaint with the supervisory authority.<\/p><p>In Austria, this is the Data Protection Authority: <a href=\"https:\/\/data-protection-authority.gv.at\/data-protection-in-austria\/right-to-lodge-a-complaint\">https:\/\/data-protection-authority.gv.at\/data-protection-in-austria\/right-to-lodge-a-complaint<\/a><\/p>\t\t\t\t\t\t\t\t<\/div>\n\t\t\t\t\t<\/div>\n\t\t\t\t<\/div>\n\t\t<div class=\"elementor-element elementor-element-6d96c64 e-flex e-con-boxed elementor-invisible e-con e-parent\" data-id=\"6d96c64\" data-element_type=\"container\" data-e-type=\"container\" data-settings=\"{&quot;animation&quot;:&quot;fadeInUp&quot;}\">\n\t\t\t\t\t<div class=\"e-con-inner\">\n\t\t\t\t<div class=\"elementor-element elementor-element-5304aafa elementor-widget elementor-widget-heading\" data-id=\"5304aafa\" data-element_type=\"widget\" data-e-type=\"widget\" data-widget_type=\"heading.default\">\n\t\t\t\t\t<div class=\"elementor-heading-title elementor-size-default\">REACHABILITY<\/div>\t\t\t\t<\/div>\n\t\t\t\t\t<\/div>\n\t\t\t\t<\/div>\n\t\t<div class=\"elementor-element elementor-element-214aff57 e-flex e-con-boxed elementor-invisible e-con e-parent\" data-id=\"214aff57\" data-element_type=\"container\" data-e-type=\"container\" data-settings=\"{&quot;animation&quot;:&quot;fadeInUp&quot;}\">\n\t\t\t\t\t<div class=\"e-con-inner\">\n\t\t\t\t<div class=\"elementor-element elementor-element-75c1248 elementor-widget__width-initial elementor-widget elementor-widget-text-editor\" data-id=\"75c1248\" data-element_type=\"widget\" data-e-type=\"widget\" data-widget_type=\"text-editor.default\">\n\t\t\t\t\t\t\t\t\t<p>Austrian Assistant Camera Association<br \/>(Kameraschwestern)<br \/>L\u00f6welstra\u00dfe 12-14<br \/>1010 Wien<br \/><a href=\"mailto:hello@kameraschwestern.at\">hello@kameraschwestern.at<\/a><\/p>\t\t\t\t\t\t\t\t<\/div>\n\t\t\t\t\t<\/div>\n\t\t\t\t<\/div>\n\t\t\t\t<\/div>","protected":false},"excerpt":{"rendered":"<p>Sicher ist sicher Datenschutz&shy;erkl\u00e4rung Wir verarbeiten pers\u00f6nliche Daten ausschlie\u00dflich auf Grundlage der gesetzlichen Bestimmungen (DSGVO, TKG 2003). In dieser Datenschutzinformation informieren wir \u00fcber die wichtigsten Aspekte der Datenverarbeitung im Rahmen unserer Website. Kontakt&shy;formular Bei Kontaktaufnahme per Formular auf der Website oder per eMail, werden die angegebenen Daten zwecks Bearbeitung der Anfrage und f\u00fcr den Fall [&hellip;]<\/p>\n","protected":false},"author":1,"featured_media":0,"parent":0,"menu_order":0,"comment_status":"closed","ping_status":"closed","template":"","meta":{"_acf_changed":false,"footnotes":""},"class_list":["post-290","page","type-page","status-publish","hentry"],"acf":[],"_links":{"self":[{"href":"https:\/\/kameraschwestern.at\/en\/wp-json\/wp\/v2\/pages\/290","targetHints":{"allow":["GET"]}}],"collection":[{"href":"https:\/\/kameraschwestern.at\/en\/wp-json\/wp\/v2\/pages"}],"about":[{"href":"https:\/\/kameraschwestern.at\/en\/wp-json\/wp\/v2\/types\/page"}],"author":[{"embeddable":true,"href":"https:\/\/kameraschwestern.at\/en\/wp-json\/wp\/v2\/users\/1"}],"replies":[{"embeddable":true,"href":"https:\/\/kameraschwestern.at\/en\/wp-json\/wp\/v2\/comments?post=290"}],"version-history":[{"count":49,"href":"https:\/\/kameraschwestern.at\/en\/wp-json\/wp\/v2\/pages\/290\/revisions"}],"predecessor-version":[{"id":2565,"href":"https:\/\/kameraschwestern.at\/en\/wp-json\/wp\/v2\/pages\/290\/revisions\/2565"}],"wp:attachment":[{"href":"https:\/\/kameraschwestern.at\/en\/wp-json\/wp\/v2\/media?parent=290"}],"curies":[{"name":"wp","href":"https:\/\/api.w.org\/{rel}","templated":true}]}}