{"id":297,"date":"2025-08-12T12:17:24","date_gmt":"2025-08-12T12:17:24","guid":{"rendered":"http:\/\/kameraschwestern.at\/?page_id=297"},"modified":"2026-04-17T08:59:59","modified_gmt":"2026-04-17T08:59:59","slug":"links","status":"publish","type":"page","link":"https:\/\/kameraschwestern.at\/en\/links\/","title":{"rendered":"Links"},"content":{"rendered":"<div data-elementor-type=\"wp-page\" data-elementor-id=\"297\" class=\"elementor elementor-297\" data-elementor-post-type=\"page\">\n\t\t\t\t<div class=\"elementor-element elementor-element-3854669e e-flex e-con-boxed elementor-invisible e-con e-parent\" data-id=\"3854669e\" data-element_type=\"container\" data-e-type=\"container\" data-settings=\"{&quot;animation&quot;:&quot;fadeInUp&quot;}\">\n\t\t\t\t\t<div class=\"e-con-inner\">\n\t\t\t\t<div class=\"elementor-element elementor-element-20130f77 elementor-widget elementor-widget-heading\" data-id=\"20130f77\" data-element_type=\"widget\" data-e-type=\"widget\" data-widget_type=\"heading.default\">\n\t\t\t\t\t<div class=\"elementor-heading-title elementor-size-default\">Our Service<\/div>\t\t\t\t<\/div>\n\t\t\t\t<div class=\"elementor-element elementor-element-382cd117 elementor-widget elementor-widget-heading\" data-id=\"382cd117\" data-element_type=\"widget\" data-e-type=\"widget\" data-widget_type=\"heading.default\">\n\t\t\t\t\t<h1 class=\"elementor-heading-title elementor-size-default\">Helpful Links<\/h1>\t\t\t\t<\/div>\n\t\t\t\t\t<\/div>\n\t\t\t\t<\/div>\n\t\t<div class=\"elementor-element elementor-element-12e2b3c e-flex e-con-boxed e-con e-parent\" data-id=\"12e2b3c\" data-element_type=\"container\" data-e-type=\"container\">\n\t\t\t\t\t<div class=\"e-con-inner\">\n\t\t<div class=\"elementor-element elementor-element-691fe03 e-con-full e-flex e-con e-child\" data-id=\"691fe03\" data-element_type=\"container\" data-e-type=\"container\">\n\t\t\t\t<div class=\"elementor-element elementor-element-fc86c6d elementor-widget elementor-widget-heading\" data-id=\"fc86c6d\" data-element_type=\"widget\" data-e-type=\"widget\" data-widget_type=\"heading.default\">\n\t\t\t\t\t<h2 class=\"elementor-heading-title elementor-size-default\"><h2 data-elementor-setting-key=\"title\" data-pen-placeholder=\"Type Here...\" style=\"font-family: Oswald, sans-serif;font-weight: 600;line-height: 1.2;font-size: 24px;text-transform: uppercase\">Camera Rental Houses<span style=\"font-size: 32px\"><\/span><\/h2><\/h2>\t\t\t\t<\/div>\n\t\t\t\t<div class=\"elementor-element elementor-element-e0fb39c elementor-widget elementor-widget-html\" data-id=\"e0fb39c\" data-element_type=\"widget\" data-e-type=\"widget\" data-widget_type=\"html.default\">\n\t\t\t\t\t<div class=\"rental-list\">\r\n\r\n  <div style=\"display:flex; align-items:center; gap:10px; margin-bottom:18px;\">\r\n    <img decoding=\"async\" src=\"https:\/\/www.google.com\/s2\/favicons?domain=arrirental.com&sz=32\" width=\"22\" height=\"22\" alt=\"\">\r\n    <a href=\"https:\/\/www.arrirental.com\/en\/about\/contact\" target=\"_blank\" rel=\"noopener noreferrer\">\r\n      ARRI Rental Vienna\r\n    <\/a>\r\n  <\/div>\r\n\r\n  <div style=\"display:flex; align-items:center; gap:10px; margin-bottom:18px;\">\r\n    <img decoding=\"async\" src=\"https:\/\/www.google.com\/s2\/favicons?domain=stoegerkameras.at&sz=32\" width=\"22\" height=\"22\" alt=\"\">\r\n    <a href=\"https:\/\/www.stoegerkameras.at\/en\/\" target=\"_blank\" rel=\"noopener noreferrer\">\r\n      St\u00f6ger Kameras GmbH\r\n    <\/a>\r\n  <\/div>\r\n\r\n  <div style=\"display:flex; align-items:center; gap:10px; margin-bottom:18px;\">\r\n    <img decoding=\"async\" src=\"https:\/\/www.google.com\/s2\/favicons?domain=avpro.at&sz=32\" width=\"22\" height=\"22\" alt=\"\">\r\n    <a href=\"https:\/\/www.avpro.at\/de\/kontakt\" target=\"_blank\" rel=\"noopener noreferrer\">\r\n      AV Professional\r\n    <\/a>\r\n  <\/div>\r\n\r\n  <div style=\"display:flex; align-items:center; gap:10px; margin-bottom:18px;\">\r\n    <img loading=\"lazy\" decoding=\"async\" src=\"https:\/\/www.google.com\/s2\/favicons?domain=kameraverleih.at&sz=32\" width=\"22\" height=\"22\" alt=\"\">\r\n    <a href=\"https:\/\/www.kameraverleih.at\/\" target=\"_blank\" rel=\"noopener noreferrer\">\r\n      DigiRental Wien\r\n    <\/a>\r\n  <\/div>\r\n\r\n  <div style=\"display:flex; align-items:center; gap:10px; margin-bottom:18px;\">\r\n    <img loading=\"lazy\" decoding=\"async\" src=\"https:\/\/www.google.com\/s2\/favicons?domain=equipment.cafe&sz=32\" width=\"22\" height=\"22\" alt=\"\">\r\n    <a href=\"https:\/\/equipment.cafe\/?lang=en\" target=\"_blank\" rel=\"noopener noreferrer\">\r\n      Equipment Cafe\r\n    <\/a>\r\n  <\/div>\r\n\r\n  <div style=\"display:flex; align-items:center; gap:10px; margin-bottom:18px;\">\r\n    <img loading=\"lazy\" decoding=\"async\" src=\"https:\/\/www.google.com\/s2\/favicons?domain=digitalkameraverleih.com&sz=32\" width=\"22\" height=\"22\" alt=\"\">\r\n    <a href=\"https:\/\/digitalkameraverleih.com\/index.php?lang=en\" target=\"_blank\" rel=\"noopener noreferrer\">\r\n      Digitalkameraverleih\r\n    <\/a>\r\n  <\/div>\r\n\r\n  <div style=\"display:flex; align-items:center; gap:10px;\">\r\n    <img loading=\"lazy\" decoding=\"async\" src=\"https:\/\/www.google.com\/s2\/favicons?domain=mobytec.io&sz=32\" width=\"22\" height=\"22\" alt=\"\">\r\n    <a href=\"https:\/\/www.mobytec.io\/\" target=\"_blank\" rel=\"noopener noreferrer\">\r\n      Moby Tec Vienna\r\n    <\/a>\r\n  <\/div>\r\n\r\n<\/div>\r\n\t\t\t\t<\/div>\n\t\t\t\t<\/div>\n\t\t<div class=\"elementor-element elementor-element-e3b462e e-con-full e-flex e-con e-child\" data-id=\"e3b462e\" data-element_type=\"container\" data-e-type=\"container\">\n\t\t\t\t<div class=\"elementor-element elementor-element-ad64a50 elementor-widget elementor-widget-heading\" data-id=\"ad64a50\" data-element_type=\"widget\" data-e-type=\"widget\" data-widget_type=\"heading.default\">\n\t\t\t\t\t<h2 class=\"elementor-heading-title elementor-size-default\"><h2 data-elementor-setting-key=\"title\" data-pen-placeholder=\"Type Here...\" style=\"font-family: Oswald, sans-serif;font-weight: 600;line-height: 1.2;font-size: 24px;text-transform: uppercase;width: 100%\">\n  Expendables<span style=\"font-size: 32px\"><\/span>\n<\/h2>\n<\/h2>\t\t\t\t<\/div>\n\t\t\t\t<div class=\"elementor-element elementor-element-abdda87 elementor-widget elementor-widget-html\" data-id=\"abdda87\" data-element_type=\"widget\" data-e-type=\"widget\" data-widget_type=\"html.default\">\n\t\t\t\t\t<div class=\"rental-list\">\r\n\r\n  <div style=\"display:flex; align-items:center; gap:10px; margin-bottom:18px;\">\r\n    <img loading=\"lazy\" decoding=\"async\" src=\"https:\/\/www.google.com\/s2\/favicons?domain=prisma.film&sz=32\" width=\"22\" height=\"22\" alt=\"\">\r\n    <a href=\"https:\/\/www.prisma.film\/en\/Startseite\" target=\"_blank\" rel=\"noopener noreferrer\">\r\n      Prisma Film\r\n    <\/a>\r\n  <\/div>\r\n\r\n  <div style=\"display:flex; align-items:center; gap:10px; margin-bottom:18px;\">\r\n    <img loading=\"lazy\" decoding=\"async\" src=\"https:\/\/www.google.com\/s2\/favicons?domain=2eyetec.com&sz=32\" width=\"22\" height=\"22\" alt=\"\">\r\n    <a href=\"https:\/\/www.2eyetec.com\/en\/\" target=\"_blank\" rel=\"noopener noreferrer\">\r\n      2eyetec\r\n    <\/a>\r\n  <\/div>\r\n\r\n  <div style=\"display:flex; align-items:center; gap:10px; margin-bottom:18px;\">\r\n    <img loading=\"lazy\" decoding=\"async\" src=\"https:\/\/www.google.com\/s2\/favicons?domain=lenzcameratools.shop&sz=32\" width=\"22\" height=\"22\" alt=\"\">\r\n    <a href=\"https:\/\/lenzcameratools.shop\/en\/\" target=\"_blank\" rel=\"noopener noreferrer\">\r\n      LenzCameraTools\r\n    <\/a>\r\n  <\/div>\r\n\r\n  <div style=\"display:flex; align-items:center; gap:10px;\">\r\n    <img loading=\"lazy\" decoding=\"async\" src=\"https:\/\/www.google.com\/s2\/favicons?domain=beeball.at&sz=32\" width=\"22\" height=\"22\" alt=\"\">\r\n    <a href=\"https:\/\/beeball.at\/\" target=\"_blank\" rel=\"noopener noreferrer\">\r\n      BeeBall\r\n    <\/a>\r\n  <\/div>\r\n\r\n<\/div>\r\n\t\t\t\t<\/div>\n\t\t\t\t<\/div>\n\t\t<div class=\"elementor-element elementor-element-282ec55 e-con-full e-flex e-con e-child\" data-id=\"282ec55\" data-element_type=\"container\" data-e-type=\"container\">\n\t\t\t\t<div class=\"elementor-element elementor-element-95b9de8 elementor-widget elementor-widget-heading\" data-id=\"95b9de8\" data-element_type=\"widget\" data-e-type=\"widget\" data-widget_type=\"heading.default\">\n\t\t\t\t\t<h2 class=\"elementor-heading-title elementor-size-default\"><h2 data-elementor-setting-key=\"title\" data-pen-placeholder=\"Type Here...\" style=\"font-family: Oswald, sans-serif;font-weight: 600;line-height: 1.2;font-size: 24px;text-transform: uppercase\">Important<span style=\"font-size: 32px\"><\/span><\/h2><\/h2>\t\t\t\t<\/div>\n\t\t\t\t<div class=\"elementor-element elementor-element-1989f0d elementor-widget elementor-widget-html\" data-id=\"1989f0d\" data-element_type=\"widget\" data-e-type=\"widget\" data-widget_type=\"html.default\">\n\t\t\t\t\t<div class=\"rental-list\">\r\n\r\n  <div style=\"display:flex; align-items:center; gap:10px; margin-bottom:18px;\">\r\n    <img loading=\"lazy\" decoding=\"async\" src=\"https:\/\/www.google.com\/s2\/favicons?domain=filmschaffende.at&sz=32\" width=\"22\" height=\"22\" alt=\"\">\r\n    <a href=\"https:\/\/www.filmschaffende.at\" target=\"_blank\" rel=\"noopener noreferrer\">\r\n      Dachverband der \u00f6sterreichischen Filmschaffenden |\r\n      <p style=\"margin:0;\">Austrian Filmmakers Association<\/p>\r\n    <\/a>\r\n  <\/div>\r\n\r\n  <div style=\"display:flex; align-items:center; gap:10px; margin-bottom:18px;\">\r\n    <img loading=\"lazy\" decoding=\"async\" src=\"https:\/\/www.google.com\/s2\/favicons?domain=aacamera.org&sz=32\" width=\"22\" height=\"22\" alt=\"\">\r\n    <a href=\"https:\/\/www.aacamera.org\" target=\"_blank\" rel=\"noopener noreferrer\">\r\n      Verband \u00d6sterreichischer Kameraleute |\r\n      <p style=\"margin:0;\">Austrian Association of Cinematographers<\/p>\r\n    <\/a>\r\n  <\/div>\r\n\r\n<\/div>\r\n\r\n\r\n  <div style=\"display:flex; align-items:center; gap:10px; margin-bottom:18px;\">\r\n    <img loading=\"lazy\" decoding=\"async\" src=\"https:\/\/www.google.com\/s2\/favicons?domain=leuchtkraft.at&sz=32\" width=\"22\" height=\"22\" alt=\"\">\r\n    <a href=\"https:\/\/www.leuchtkraft.at\" target=\"_blank\" rel=\"noopener noreferrer\">\r\n      LEUCHTKRAFT\r\n      <p style=\"margin:0;\" ><\/p>\u00d6sterreichischer Berufsverband f\u00fcr Filmlicht und Grip\r\n    <\/a>\r\n  <\/div>\r\n\r\n  <div style=\"display:flex; align-items:center; gap:10px; margin-bottom:18px;\">\r\n    <img loading=\"lazy\" decoding=\"async\" src=\"https:\/\/www.google.com\/s2\/favicons?domain=younionfilm.at&sz=32\" width=\"22\" height=\"22\" alt=\"\">\r\n    <a href=\"https:\/\/www.younionfilm.at\" target=\"_blank\" rel=\"noopener noreferrer\">\r\n      Younion <p style=\"margin:0;\" ><\/p\r\n>Sektion 8 (Film, Foto, audiovisuelle Kommunikation)\r\n    <\/a>\r\n  <\/div>\r\n\r\n  <div style=\"display:flex; align-items:center; gap:10px; margin-bottom:18px;\">\r\n    <img loading=\"lazy\" decoding=\"async\" src=\"https:\/\/www.google.com\/s2\/favicons?domain=we-do.info&sz=32\" width=\"22\" height=\"22\" alt=\"\">\r\n    <a href=\"https:\/\/www.we-do.info\/wp-content\/uploads\/2024\/03\/we_do_english.pdf\" target=\"_blank\" rel=\"noopener noreferrer\">\r\n      #we_do!\r\n    <\/a>\r\n  <\/div>\r\n\r\n  <div style=\"display:flex; align-items:center; gap:10px; margin-bottom:18px;\">\r\n    <img loading=\"lazy\" decoding=\"async\" src=\"https:\/\/www.google.com\/s2\/favicons?domain=crew-united.com&sz=32\" width=\"22\" height=\"22\" alt=\"\">\r\n    <a href=\"https:\/\/www.crew-united.com\/en\/\" target=\"_blank\" rel=\"noopener noreferrer\">\r\n      Crew United\r\n    <\/a>\r\n  <\/div>\r\n\r\n  <div style=\"display:flex; align-items:center; gap:10px; margin-bottom:18px;\">\r\n    <img loading=\"lazy\" decoding=\"async\" src=\"https:\/\/www.google.com\/s2\/favicons?domain=kameraschwestern.at&sz=32\" width=\"22\" height=\"22\" alt=\"\">\r\n    <a href=\"https:\/\/www.dropbox.com\/scl\/fo\/vtft9mm7hh6sib0spbevq\/ANzW5phbP4qYZ7rbLNViB1w?rlkey=mbxo19ougtbzv9rcl9jp0ajdg&dl=0\" target=\"_blank\" rel=\"noopener noreferrer\">\r\n      Kameraschwestern Logos Download\r\n    <\/a>\r\n  <\/div>\r\n\r\n  <div style=\"display:flex; align-items:center; gap:10px; margin-bottom:18px;\">\r\n    <img loading=\"lazy\" decoding=\"async\" src=\"https:\/\/www.google.com\/s2\/favicons?domain=younionfilm.at&sz=32\" width=\"22\" height=\"22\" alt=\"\">\r\n    <a href=\"https:\/\/www.younionfilm.at\/gagen\/gagenrechner\/\" target=\"_blank\" rel=\"noopener noreferrer\">\r\n      Fee Calculator\r\n    <\/a>\r\n  <\/div>\r\n\r\n  <div style=\"display:flex; align-items:center; gap:10px;\">\r\n    <img loading=\"lazy\" decoding=\"async\" src=\"https:\/\/www.google.com\/s2\/favicons?domain=younionfilm.at&sz=32\" width=\"22\" height=\"22\" alt=\"\">\r\n    <a href=\"https:\/\/www.younionfilm.at\/filmschaffende\/kollektivvertrag-filmschaffende\/\" target=\"_blank\" rel=\"noopener noreferrer\">\r\n      Collective Agreement for Filmmakers (Kollektivvertrag)\r\n    <\/a>\r\n  <\/div>\r\n\r\n<\/div>\t\t\t\t<\/div>\n\t\t\t\t<\/div>\n\t\t\t\t\t<\/div>\n\t\t\t\t<\/div>\n\t\t<div class=\"elementor-element elementor-element-10eb32f e-grid e-con-full e-transform e-con e-parent\" data-id=\"10eb32f\" data-element_type=\"container\" data-e-type=\"container\" data-settings=\"{&quot;_transform_translateX_effect&quot;:{&quot;unit&quot;:&quot;px&quot;,&quot;size&quot;:75,&quot;sizes&quot;:[]},&quot;_transform_translateX_effect_laptop&quot;:{&quot;unit&quot;:&quot;px&quot;,&quot;size&quot;:&quot;&quot;,&quot;sizes&quot;:[]},&quot;_transform_translateX_effect_tablet&quot;:{&quot;unit&quot;:&quot;px&quot;,&quot;size&quot;:&quot;&quot;,&quot;sizes&quot;:[]},&quot;_transform_translateX_effect_mobile&quot;:{&quot;unit&quot;:&quot;px&quot;,&quot;size&quot;:&quot;&quot;,&quot;sizes&quot;:[]},&quot;_transform_translateY_effect&quot;:{&quot;unit&quot;:&quot;px&quot;,&quot;size&quot;:&quot;&quot;,&quot;sizes&quot;:[]},&quot;_transform_translateY_effect_laptop&quot;:{&quot;unit&quot;:&quot;px&quot;,&quot;size&quot;:&quot;&quot;,&quot;sizes&quot;:[]},&quot;_transform_translateY_effect_tablet&quot;:{&quot;unit&quot;:&quot;px&quot;,&quot;size&quot;:&quot;&quot;,&quot;sizes&quot;:[]},&quot;_transform_translateY_effect_mobile&quot;:{&quot;unit&quot;:&quot;px&quot;,&quot;size&quot;:&quot;&quot;,&quot;sizes&quot;:[]}}\">\n\t\t<div class=\"elementor-element elementor-element-c79d62c e-flex e-con-boxed e-con e-child\" data-id=\"c79d62c\" data-element_type=\"container\" data-e-type=\"container\">\n\t\t\t\t\t<div class=\"e-con-inner\">\n\t\t\t\t<div class=\"elementor-element elementor-element-80b3b1a elementor-widget elementor-widget-heading\" data-id=\"80b3b1a\" data-element_type=\"widget\" data-e-type=\"widget\" data-widget_type=\"heading.default\">\n\t\t\t\t\t<h2 class=\"elementor-heading-title elementor-size-default\"><h2 data-elementor-setting-key=\"title\" data-pen-placeholder=\"Type Here...\" style=\"font-family: Oswald, sans-serif;font-weight: 600;line-height: 1.2;font-size: 24px;text-transform: uppercase\">Kameraschwestern Logos<span style=\"font-size: 32px\"><\/span><\/h2><\/h2>\t\t\t\t<\/div>\n\t\t\t\t<div class=\"elementor-element elementor-element-f9c8e58 elementor-widget elementor-widget-html\" data-id=\"f9c8e58\" data-element_type=\"widget\" data-e-type=\"widget\" data-widget_type=\"html.default\">\n\t\t\t\t\t\r\n  <div style=\"display:flex; align-items:center; gap:10px; margin-bottom:18px;\">\r\n    <img loading=\"lazy\" decoding=\"async\" src=\"https:\/\/www.google.com\/s2\/favicons?domain=kameraschwestern.at&sz=32\" width=\"22\" height=\"22\" alt=\"\">\r\n    <a href=\"https:\/\/www.dropbox.com\/scl\/fo\/vtft9mm7hh6sib0spbevq\/ANzW5phbP4qYZ7rbLNViB1w?rlkey=mbxo19ougtbzv9rcl9jp0ajdg&dl=0\" target=\"_blank\" rel=\"noopener noreferrer\">\r\n      Logos Download\r\n    <\/a>\r\n  <\/div>\r\n\r\n<\/div>\t\t\t\t<\/div>\n\t\t\t\t\t<\/div>\n\t\t\t\t<\/div>\n\t\t\t\t<\/div>\n\t\t\t\t<\/div>","protected":false},"excerpt":{"rendered":"<p>Unser Service Hilfreiche Links Kameraverleih ARRI Rental Wien St\u00f6ger Kameras GmbH AV Professional DigiRental Wien Equipment Cafe Digitalkameraverleih Moby Tec Vienna Verbrauchsmaterial Prisma Film 2eyetec LenzCameraTools BeeBall Wichtiges Dachverband der \u00f6sterreichischen Filmschaffenden | Austrian Filmmakers Association Verband \u00d6sterreichischer Kameraleute | Austrian Association of Cinematographers LEUCHTKRAFT \u00d6sterreichischer Berufsverband f\u00fcr Filmlicht und Grip Younion Sektion 8 (Film, [&hellip;]<\/p>\n","protected":false},"author":1,"featured_media":0,"parent":0,"menu_order":0,"comment_status":"closed","ping_status":"closed","template":"","meta":{"_acf_changed":false,"footnotes":""},"class_list":["post-297","page","type-page","status-publish","hentry"],"acf":[],"_links":{"self":[{"href":"https:\/\/kameraschwestern.at\/en\/wp-json\/wp\/v2\/pages\/297","targetHints":{"allow":["GET"]}}],"collection":[{"href":"https:\/\/kameraschwestern.at\/en\/wp-json\/wp\/v2\/pages"}],"about":[{"href":"https:\/\/kameraschwestern.at\/en\/wp-json\/wp\/v2\/types\/page"}],"author":[{"embeddable":true,"href":"https:\/\/kameraschwestern.at\/en\/wp-json\/wp\/v2\/users\/1"}],"replies":[{"embeddable":true,"href":"https:\/\/kameraschwestern.at\/en\/wp-json\/wp\/v2\/comments?post=297"}],"version-history":[{"count":128,"href":"https:\/\/kameraschwestern.at\/en\/wp-json\/wp\/v2\/pages\/297\/revisions"}],"predecessor-version":[{"id":3080,"href":"https:\/\/kameraschwestern.at\/en\/wp-json\/wp\/v2\/pages\/297\/revisions\/3080"}],"wp:attachment":[{"href":"https:\/\/kameraschwestern.at\/en\/wp-json\/wp\/v2\/media?parent=297"}],"curies":[{"name":"wp","href":"https:\/\/api.w.org\/{rel}","templated":true}]}}